{"id":839,"date":"2015-05-08T14:53:34","date_gmt":"2015-05-08T13:53:34","guid":{"rendered":"http:\/\/www.amazing-tunisia.com\/fr\/?page_id=839"},"modified":"2015-11-17T17:09:08","modified_gmt":"2015-11-17T16:09:08","slug":"agenda","status":"publish","type":"page","link":"https:\/\/www.amazing-tunisia.com\/fr\/agenda\/","title":{"rendered":"Agenda"},"content":{"rendered":"<figure id=\"attachment_951\" aria-describedby=\"caption-attachment-951\" style=\"width: 692px\" class=\"wp-caption aligncenter\"><a href=\"https:\/\/www.amazing-tunisia.com\/fr\/wp-content\/uploads\/2015\/05\/agenda.jpg\"><img fetchpriority=\"high\" decoding=\"async\" class=\"size-large wp-image-951\" src=\"https:\/\/www.amazing-tunisia.com\/fr\/wp-content\/uploads\/2015\/05\/agenda-1024x567.jpg\" alt=\"Agenda Tunisie\" width=\"692\" height=\"383\" srcset=\"https:\/\/www.amazing-tunisia.com\/fr\/wp-content\/uploads\/2015\/05\/agenda-1024x567.jpg 1024w, https:\/\/www.amazing-tunisia.com\/fr\/wp-content\/uploads\/2015\/05\/agenda-300x166.jpg 300w, https:\/\/www.amazing-tunisia.com\/fr\/wp-content\/uploads\/2015\/05\/agenda.jpg 1163w\" sizes=\"(max-width: 692px) 100vw, 692px\" \/><\/a><figcaption id=\"caption-attachment-951\" class=\"wp-caption-text\">Agenda Tunisie<\/figcaption><\/figure>\n<h3>D\u00e9cembre\u00a02015<\/h3>\n<p>Sfax :\u00a0<a href=\"https:\/\/www.amazing-tunisia.com\/fr\/evenements\/aerocom-sfax-2015\/\" target=\"_blank\">Mon Olivier au Festival de Sfax<\/a><\/p>\n<h3>Novembre\u00a02015<\/h3>\n<p>Tunis :\u00a0<a href=\"https:\/\/www.amazing-tunisia.com\/fr\/evenements\/la-jci-tunis-organise-une-journee-sur-la-femme-tunisienne\/\" target=\"_blank\">La JCI Tunis organise une journ\u00e9e sur la femme tunisienne<\/a><\/p>\n<p>Sfax :\u00a0<a href=\"https:\/\/www.amazing-tunisia.com\/fr\/evenements\/aerocom-sfax-2015\/\" target=\"_blank\">AERO\u2019COM SFAX<\/a><\/p>\n<p>Bizerte :\u00a0<a title=\"Permalink to Action hiver au chaud \u00e0 El mina, Sejenene\" href=\"https:\/\/www.amazing-tunisia.com\/fr\/news\/action-hiver-au-chaud-a-el-mina-sejenene\/\" target=\"_blank\" rel=\"bookmark\">Action hiver au chaud \u00e0 El mina, Sejenene<\/a><\/p>\n<p>Nabeul :\u00a0<a title=\"Permalink to Premi\u00e8re \u00e9dition de la f\u00eate du piment et de l\u2019harissa\" href=\"https:\/\/www.amazing-tunisia.com\/fr\/evenements\/premiere-edition-de-la-fete-du-piment-et-de-lharissa\/\" target=\"_blank\" rel=\"bookmark\">Premi\u00e8re \u00e9dition de la f\u00eate du piment et de l\u2019harissa<\/a><\/p>\n<p>Tunis :<a title=\"Permalink to Parade des voitures classiques Peugeot\" href=\"https:\/\/www.amazing-tunisia.com\/fr\/evenements\/parade-des-voitures-classiques-peugeot\/\" target=\"_blank\" rel=\"bookmark\">Parade des voitures classiques Peugeot<\/a><\/p>\n<p>Tunis :\u00a0<a title=\"Permalink to Pas \u00e0 pas contre le diab\u00e8te 2015\" href=\"https:\/\/www.amazing-tunisia.com\/fr\/evenements\/pas-a-pas-contre-le-diabete-2015\/\" target=\"_blank\" rel=\"bookmark\">Pas \u00e0 pas contre le diab\u00e8te 2015<\/a><\/p>\n<p>Zaghouan :<a title=\"Permalink to 2\u00e8me Edition du Festival du Film de Montagne de Zaghouan\" href=\"https:\/\/www.amazing-tunisia.com\/fr\/villes-tunisiennes\/zaghouan\/2eme-edition-du-festival-du-film-de-montagne-de-zaghouan\/\" target=\"_blank\" rel=\"bookmark\">2\u00e8me Edition du Festival du Film de Montagne de Zaghouan<\/a><\/p>\n<h3>Mai 2015<\/h3>\n<p>Tunis &#8211; Utica :\u00a0<a title=\"Permalink to La JCI Tunis organise une journ\u00e9e High-Tech pour les PME\" href=\"https:\/\/www.amazing-tunisia.com\/fr\/evenements\/la-jci-tunis-organise-une-journee-high-tech-pour-les-pme\/\" rel=\"bookmark\">La JCI Tunis organise une journ\u00e9e High-Tech pour les PME<\/a><\/p>\n<p>Oudhna\u00a0:\u00a0<a title=\"Permalink to Journ\u00e9e culturelle \u00e0 Oudhna\" href=\"https:\/\/www.amazing-tunisia.com\/fr\/evenements\/journee-culturelle-a-oudhna\/\" rel=\"bookmark\">Journ\u00e9e culturelle \u00e0 Oudhna<\/a><\/p>\n<p>Tunis :\u00a0<a title=\"Permalink to Une journ\u00e9e \u00ab\u00a0V\u00e9lo Pour Tous\u00a0\u00bb \u00e0 Tunis\" href=\"https:\/\/www.amazing-tunisia.com\/fr\/evenements\/une-journee-velo-pour-tous-a-tunis\/\" rel=\"bookmark\">Une journ\u00e9e \u00ab\u00a0V\u00e9lo Pour Tous\u00a0\u00bb \u00e0 Tunis<\/a><\/p>\n<p>Tunis &#8211; M\u00e9grine :\u00a0<a title=\"Permalink to Kharjet L\u2019Antika, Journ\u00e9e des voitures de collection \u00e0 M\u00e9grine\" href=\"https:\/\/www.amazing-tunisia.com\/fr\/evenements\/kharjet-lantika-journee-des-voitures-de-collection-a-megrine\/\" rel=\"bookmark\">Kharjet L\u2019Antika, Journ\u00e9e des voitures de collection \u00e0 M\u00e9grine<\/a><\/p>\n<p>Haouaria :\u00a0<a title=\"Permalink to Les Rencontres du Jbel Haouaria\" href=\"https:\/\/www.amazing-tunisia.com\/fr\/evenements\/les-rencontres-du-jbel-haouaria\/\" rel=\"bookmark\">Les Rencontres du Jbel Haouaria<\/a><\/p>\n<p>Bizerte :\u00a0<a title=\"Festival des F\u00e8ves \u00e0 Bizerte\" href=\"https:\/\/www.amazing-tunisia.com\/fr\/evenements\/festival-des-feves-a-bizerte\/\" target=\"_blank\" rel=\"bookmark\">Festival des F\u00e8ves \u00e0 Bizerte<\/a><\/p>\n<p>Tunis\u00a0-INSAT\u00a0:\u00a0<a title=\"Journ\u00e9e nationale de l\u2019a\u00e9ronautique Tunisian Aeroday 2015\" href=\"https:\/\/www.amazing-tunisia.com\/fr\/evenements\/journee-nationale-de-laeronautique-tunisian-aeroday-2015\/\" target=\"_blank\">Journ\u00e9e nationale de l\u2019a\u00e9ronautique Tunisian Aeroday 2015<\/a><\/p>\n<p>Kalaat Senan &#8211; Kef :\u00a0<a title=\"Permalink to Festival r\u00e9gional de Kalaat Senan au Kef\" href=\"https:\/\/www.amazing-tunisia.com\/fr\/evenements\/festival-regional-de-kalaat-senan-au-kef\/\" rel=\"bookmark\">Festival r\u00e9gional de Kalaat Senan au Kef<\/a><\/p>\n<p>Jerba :\u00a0<a title=\"Festival de la M\u00e9dina de Erriadh \u00e0 Djerba\" href=\"https:\/\/www.amazing-tunisia.com\/fr\/evenements\/festival-de-la-medina-de-erriadh-a-djerba\/\" target=\"_blank\">Festival de la M\u00e9dina de Erriadh \u00e0 Djerba<\/a><\/p>\n<p>&nbsp;<\/p>\n<div id=\"clkmtr_tracking_pixel\"><!--ClickMeter.com WordPress tracking: Agenda --><br \/>\n<script type=\"text\/javascript\">\/\/ <![CDATA[\nvar ClickMeter_pixel_url = 'http:\/\/pixel.watch\/jkap';\n\/\/ ]]><\/script><br \/>\n<script id=\"cmpixelscript\" src=\"https:\/\/www.clickmeter.com\/js\/pixel.js\" type=\"text\/javascript\"><\/script><br \/>\n<noscript>&amp;lt;br \/&amp;gt;&lt;br \/&gt;<br \/>\n&amp;lt;img height=&rsquo;0&prime; width=&rsquo;0&prime; alt=\u00a0\u00bb src=&rsquo;http:\/\/pixel.watch\/jkap&rsquo; \/&amp;gt;&amp;lt;br \/&amp;gt;&lt;br \/&gt;<br \/>\n<\/noscript><\/div>\n","protected":false},"excerpt":{"rendered":"<p>D\u00e9cembre\u00a02015 Sfax :\u00a0Mon Olivier au Festival de Sfax Novembre\u00a02015 Tunis :\u00a0La JCI Tunis organise une journ\u00e9e sur la femme tunisienne&#8230;<\/p>\n","protected":false},"author":1,"featured_media":951,"parent":0,"menu_order":0,"comment_status":"closed","ping_status":"closed","template":"","meta":{"footnotes":""},"class_list":["post-839","page","type-page","status-publish","has-post-thumbnail","hentry"],"_links":{"self":[{"href":"https:\/\/www.amazing-tunisia.com\/fr\/wp-json\/wp\/v2\/pages\/839","targetHints":{"allow":["GET"]}}],"collection":[{"href":"https:\/\/www.amazing-tunisia.com\/fr\/wp-json\/wp\/v2\/pages"}],"about":[{"href":"https:\/\/www.amazing-tunisia.com\/fr\/wp-json\/wp\/v2\/types\/page"}],"author":[{"embeddable":true,"href":"https:\/\/www.amazing-tunisia.com\/fr\/wp-json\/wp\/v2\/users\/1"}],"replies":[{"embeddable":true,"href":"https:\/\/www.amazing-tunisia.com\/fr\/wp-json\/wp\/v2\/comments?post=839"}],"version-history":[{"count":0,"href":"https:\/\/www.amazing-tunisia.com\/fr\/wp-json\/wp\/v2\/pages\/839\/revisions"}],"wp:featuredmedia":[{"embeddable":true,"href":"https:\/\/www.amazing-tunisia.com\/fr\/wp-json\/wp\/v2\/media\/951"}],"wp:attachment":[{"href":"https:\/\/www.amazing-tunisia.com\/fr\/wp-json\/wp\/v2\/media?parent=839"}],"curies":[{"name":"wp","href":"https:\/\/api.w.org\/{rel}","templated":true}]}}