{"id":2467,"date":"2021-05-15T15:33:43","date_gmt":"2021-05-15T14:33:43","guid":{"rendered":"https:\/\/www.amazing-tunisia.com\/fr\/?page_id=2467"},"modified":"2021-05-15T15:38:36","modified_gmt":"2021-05-15T14:38:36","slug":"amphitheatre-el-jem","status":"publish","type":"page","link":"https:\/\/www.amazing-tunisia.com\/fr\/amphitheatre-el-jem\/","title":{"rendered":"Amphith\u00e9\u00e2tre d\u2019El Jem"},"content":{"rendered":"\n<p>C\u2019est le monument romain d\u2019Afrique du Nord, de loin le plus imposant, sa silhouette ronde et massive s\u2019\u00e9l\u00e8ve dans une plaine plate et d\u00e9sertique qui le laisse voir \u00e0 tr\u00e8s longue distance, et cela, d\u2019autant plus facilement que la localit\u00e9 qui s\u2019est d\u00e9velopp\u00e9e autour de l\u2019\u00e9difice a \u00e9vit\u00e9 les constructions en hauteur.<\/p>\n\n\n\n<p>C\u2019est aussi l\u2019un des ouvrages de son genre les mieux conserv\u00e9s, malgr\u00e9 les nombreuses vicissitudes qu\u2019il a travers\u00e9es dans le temps, en particulier le s\u00e9v\u00e8re bombardement au canon \u00e0 boulets qu\u2019il a subi \u00e0 la fin du XVII<sup>e<\/sup>\u00a0si\u00e8cle pour en d\u00e9loger une tribu rebelle qui s\u2019y \u00e9tait retranch\u00e9e, ce qui provoqua une grande br\u00e8che dans le flanc de l\u2019\u00e9difice.<\/p>\n\n\n\n<p>De forme presque elliptique, le monument mesure 149 m de long sur 124 m de large et 36m de haut. Les gradins, aujourd\u2019hui disparus et partiellement reconstitu\u00e9s, pouvaient accueillir jusqu\u2019\u00e0 30.000 spectateurs, ce qui classe cet \u00e9difice en 7\u00e8me position apr\u00e8s ceux de Rome, Capoue, Milan, Autun, V\u00e9rone et Carthage. L\u2019ar\u00e8ne, longue de 65m dans son grand axe, est travers\u00e9e en sous-sol par deux larges galeries par lesquelles arrivaient acteurs, fauves et engins qui pouvaient \u00eatre cantonn\u00e9s dans deux s\u00e9ries de huit cellules souterraines.<\/p>\n\n\n\n<p>Longtemps r\u00e9duit au seul r\u00f4le de monument historique, le Colis\u00e9e d\u2019El Jem est, depuis \u00e0 peu pr\u00e8s deux d\u00e9cennies, utilis\u00e9 comme espace culturel accueillant, en \u00e9t\u00e9, le festival de musique symphonique d\u2019El Jem et d\u2019autres manifestations artistiques.<\/p>\n","protected":false},"excerpt":{"rendered":"<p>C\u2019est le monument romain d\u2019Afrique du Nord, de loin le plus imposant, sa silhouette ronde et massive s\u2019\u00e9l\u00e8ve dans une&#8230;<\/p>\n","protected":false},"author":1,"featured_media":2470,"parent":0,"menu_order":0,"comment_status":"closed","ping_status":"closed","template":"","meta":{"footnotes":""},"class_list":["post-2467","page","type-page","status-publish","has-post-thumbnail","hentry"],"_links":{"self":[{"href":"https:\/\/www.amazing-tunisia.com\/fr\/wp-json\/wp\/v2\/pages\/2467","targetHints":{"allow":["GET"]}}],"collection":[{"href":"https:\/\/www.amazing-tunisia.com\/fr\/wp-json\/wp\/v2\/pages"}],"about":[{"href":"https:\/\/www.amazing-tunisia.com\/fr\/wp-json\/wp\/v2\/types\/page"}],"author":[{"embeddable":true,"href":"https:\/\/www.amazing-tunisia.com\/fr\/wp-json\/wp\/v2\/users\/1"}],"replies":[{"embeddable":true,"href":"https:\/\/www.amazing-tunisia.com\/fr\/wp-json\/wp\/v2\/comments?post=2467"}],"version-history":[{"count":1,"href":"https:\/\/www.amazing-tunisia.com\/fr\/wp-json\/wp\/v2\/pages\/2467\/revisions"}],"predecessor-version":[{"id":2469,"href":"https:\/\/www.amazing-tunisia.com\/fr\/wp-json\/wp\/v2\/pages\/2467\/revisions\/2469"}],"wp:featuredmedia":[{"embeddable":true,"href":"https:\/\/www.amazing-tunisia.com\/fr\/wp-json\/wp\/v2\/media\/2470"}],"wp:attachment":[{"href":"https:\/\/www.amazing-tunisia.com\/fr\/wp-json\/wp\/v2\/media?parent=2467"}],"curies":[{"name":"wp","href":"https:\/\/api.w.org\/{rel}","templated":true}]}}